{"id":260,"date":"2022-09-26T20:23:02","date_gmt":"2022-09-26T18:23:02","guid":{"rendered":"https:\/\/serwer2281492.home.pl\/autoinstalator\/wordpressplugins\/?page_id=260"},"modified":"2025-12-22T17:38:19","modified_gmt":"2025-12-22T16:38:19","slug":"sesje-indywidualne","status":"publish","type":"page","link":"https:\/\/uwaznadroga.pl\/index.php\/sesje-indywidualne\/","title":{"rendered":"Sesje indywidualne"},"content":{"rendered":"\n<p><strong>KURS REDUKCJI STRESU W OPARCIU O UWA\u017bNO\u015a\u0106 (MBSR) W TRYBIE INDYWIDUALNYM:<\/strong> Je\u015bli ze wzgl\u0119du na sw\u00f3j harmonogram nie mo\u017cesz wzi\u0105\u0107 udzia\u0142u w grupowym kursie MBSR, b\u0105d\u017a czujesz, \u017ce praca w grupie nie jest dla Ciebie na ten moment, to bardzo serdecznie zapraszam Ci\u0119 na spotkania indywidualne i do przej\u015bcia 8 tygodniowego programu MBSR w takim trybie.<\/p>\n\n\n\n<p><strong>NAUKA UWA\u017bNO\u015aCI I REDUKCJA STRESU \u2013 SESJE INDYWIDUALNE:<\/strong> Dla os\u00f3b, kt\u00f3re z jakich\u015b wzgl\u0119d\u00f3w nie chc\u0105 lub nie mog\u0105 wzi\u0105\u0107 udzia\u0142u w 8-tygodniowym programie MBSR oraz dla os\u00f3b, kt\u00f3re uko\u0144czy\u0142y program, ale potrzebuj\u0105 wsparcia w swojej praktyce.<\/p>\n\n\n\n<p><strong>Zapraszam do kontaktu<\/strong>: 510-470-075 lub magdalena.spyt@gmail.com<\/p>\n\n\n\n<p><\/p>\n","protected":false},"excerpt":{"rendered":"<p>KURS REDUKCJI STRESU W OPARCIU O UWA\u017bNO\u015a\u0106 (MBSR) W TRYBIE INDYWIDUALNYM: Je\u015bli ze wzgl\u0119du na sw\u00f3j harmonogram nie mo\u017cesz wzi\u0105\u0107 udzia\u0142u w grupowym kursie MBSR, b\u0105d\u017a czujesz, \u017ce praca w grupie nie jest dla Ciebie na ten moment, to bardzo serdecznie zapraszam Ci\u0119 na spotkania indywidualne i do przej\u015bcia 8 tygodniowego programu MBSR w takim&hellip;&nbsp;<a href=\"https:\/\/uwaznadroga.pl\/index.php\/sesje-indywidualne\/\" rel=\"bookmark\">Dowiedz si\u0119 wi\u0119cej &raquo;<span class=\"screen-reader-text\">Sesje indywidualne<\/span><\/a><\/p>\n","protected":false},"author":1,"featured_media":0,"parent":0,"menu_order":0,"comment_status":"closed","ping_status":"closed","template":"","meta":{"neve_meta_sidebar":"","neve_meta_container":"","neve_meta_enable_content_width":"","neve_meta_content_width":0,"neve_meta_title_alignment":"","neve_meta_author_avatar":"","neve_post_elements_order":"","neve_meta_disable_header":"","neve_meta_disable_footer":"","neve_meta_disable_title":"","footnotes":""},"class_list":["post-260","page","type-page","status-publish","hentry"],"yoast_head":"<!-- This site is optimized with the Yoast SEO plugin v27.4 - https:\/\/yoast.com\/product\/yoast-seo-wordpress\/ -->\n<title>Sesje indywidualne - UWA\u017bNA DROGA<\/title>\n<meta name=\"robots\" content=\"index, follow, max-snippet:-1, max-image-preview:large, max-video-preview:-1\" \/>\n<link rel=\"canonical\" href=\"https:\/\/uwaznadroga.pl\/index.php\/sesje-indywidualne\/\" \/>\n<meta property=\"og:locale\" content=\"pl_PL\" \/>\n<meta property=\"og:type\" content=\"article\" \/>\n<meta property=\"og:title\" content=\"Sesje indywidualne - UWA\u017bNA DROGA\" \/>\n<meta property=\"og:description\" content=\"KURS REDUKCJI STRESU W OPARCIU O UWA\u017bNO\u015a\u0106 (MBSR) W TRYBIE INDYWIDUALNYM: Je\u015bli ze wzgl\u0119du na sw\u00f3j harmonogram nie mo\u017cesz wzi\u0105\u0107 udzia\u0142u w grupowym kursie MBSR, b\u0105d\u017a czujesz, \u017ce praca w grupie nie jest dla Ciebie na ten moment, to bardzo serdecznie zapraszam Ci\u0119 na spotkania indywidualne i do przej\u015bcia 8 tygodniowego programu MBSR w takim&hellip;&nbsp;Dowiedz si\u0119 wi\u0119cej &raquo;Sesje indywidualne\" \/>\n<meta property=\"og:url\" content=\"https:\/\/uwaznadroga.pl\/index.php\/sesje-indywidualne\/\" \/>\n<meta property=\"og:site_name\" content=\"UWA\u017bNA DROGA\" \/>\n<meta property=\"article:modified_time\" content=\"2025-12-22T16:38:19+00:00\" \/>\n<meta name=\"twitter:card\" content=\"summary_large_image\" \/>\n<meta name=\"twitter:label1\" content=\"Szacowany czas czytania\" \/>\n\t<meta name=\"twitter:data1\" content=\"1 minuta\" \/>\n<script type=\"application\/ld+json\" class=\"yoast-schema-graph\">{\"@context\":\"https:\\\/\\\/schema.org\",\"@graph\":[{\"@type\":\"WebPage\",\"@id\":\"https:\\\/\\\/uwaznadroga.pl\\\/index.php\\\/sesje-indywidualne\\\/\",\"url\":\"https:\\\/\\\/uwaznadroga.pl\\\/index.php\\\/sesje-indywidualne\\\/\",\"name\":\"Sesje indywidualne - UWA\u017bNA DROGA\",\"isPartOf\":{\"@id\":\"https:\\\/\\\/uwaznadroga.pl\\\/#website\"},\"datePublished\":\"2022-09-26T18:23:02+00:00\",\"dateModified\":\"2025-12-22T16:38:19+00:00\",\"breadcrumb\":{\"@id\":\"https:\\\/\\\/uwaznadroga.pl\\\/index.php\\\/sesje-indywidualne\\\/#breadcrumb\"},\"inLanguage\":\"pl-PL\",\"potentialAction\":[{\"@type\":\"ReadAction\",\"target\":[\"https:\\\/\\\/uwaznadroga.pl\\\/index.php\\\/sesje-indywidualne\\\/\"]}]},{\"@type\":\"BreadcrumbList\",\"@id\":\"https:\\\/\\\/uwaznadroga.pl\\\/index.php\\\/sesje-indywidualne\\\/#breadcrumb\",\"itemListElement\":[{\"@type\":\"ListItem\",\"position\":1,\"name\":\"Home\",\"item\":\"https:\\\/\\\/uwaznadroga.pl\\\/\"},{\"@type\":\"ListItem\",\"position\":2,\"name\":\"Sesje indywidualne\"}]},{\"@type\":\"WebSite\",\"@id\":\"https:\\\/\\\/uwaznadroga.pl\\\/#website\",\"url\":\"https:\\\/\\\/uwaznadroga.pl\\\/\",\"name\":\"UWA\u017bNA DROGA\",\"description\":\"Redukcja stresa w oparciu o uwa\u017cno\u015b\u0107\",\"publisher\":{\"@id\":\"https:\\\/\\\/uwaznadroga.pl\\\/#organization\"},\"potentialAction\":[{\"@type\":\"SearchAction\",\"target\":{\"@type\":\"EntryPoint\",\"urlTemplate\":\"https:\\\/\\\/uwaznadroga.pl\\\/?s={search_term_string}\"},\"query-input\":{\"@type\":\"PropertyValueSpecification\",\"valueRequired\":true,\"valueName\":\"search_term_string\"}}],\"inLanguage\":\"pl-PL\"},{\"@type\":\"Organization\",\"@id\":\"https:\\\/\\\/uwaznadroga.pl\\\/#organization\",\"name\":\"UWA\u017bNA DROGA\",\"url\":\"https:\\\/\\\/uwaznadroga.pl\\\/\",\"logo\":{\"@type\":\"ImageObject\",\"inLanguage\":\"pl-PL\",\"@id\":\"https:\\\/\\\/uwaznadroga.pl\\\/#\\\/schema\\\/logo\\\/image\\\/\",\"url\":\"https:\\\/\\\/uwaznadroga.pl\\\/wp-content\\\/uploads\\\/2022\\\/08\\\/logo-agency.png\",\"contentUrl\":\"https:\\\/\\\/uwaznadroga.pl\\\/wp-content\\\/uploads\\\/2022\\\/08\\\/logo-agency.png\",\"width\":200,\"height\":200,\"caption\":\"UWA\u017bNA DROGA\"},\"image\":{\"@id\":\"https:\\\/\\\/uwaznadroga.pl\\\/#\\\/schema\\\/logo\\\/image\\\/\"}}]}<\/script>\n<!-- \/ Yoast SEO plugin. -->","yoast_head_json":{"title":"Sesje indywidualne - UWA\u017bNA DROGA","robots":{"index":"index","follow":"follow","max-snippet":"max-snippet:-1","max-image-preview":"max-image-preview:large","max-video-preview":"max-video-preview:-1"},"canonical":"https:\/\/uwaznadroga.pl\/index.php\/sesje-indywidualne\/","og_locale":"pl_PL","og_type":"article","og_title":"Sesje indywidualne - UWA\u017bNA DROGA","og_description":"KURS REDUKCJI STRESU W OPARCIU O UWA\u017bNO\u015a\u0106 (MBSR) W TRYBIE INDYWIDUALNYM: Je\u015bli ze wzgl\u0119du na sw\u00f3j harmonogram nie mo\u017cesz wzi\u0105\u0107 udzia\u0142u w grupowym kursie MBSR, b\u0105d\u017a czujesz, \u017ce praca w grupie nie jest dla Ciebie na ten moment, to bardzo serdecznie zapraszam Ci\u0119 na spotkania indywidualne i do przej\u015bcia 8 tygodniowego programu MBSR w takim&hellip;&nbsp;Dowiedz si\u0119 wi\u0119cej &raquo;Sesje indywidualne","og_url":"https:\/\/uwaznadroga.pl\/index.php\/sesje-indywidualne\/","og_site_name":"UWA\u017bNA DROGA","article_modified_time":"2025-12-22T16:38:19+00:00","twitter_card":"summary_large_image","twitter_misc":{"Szacowany czas czytania":"1 minuta"},"schema":{"@context":"https:\/\/schema.org","@graph":[{"@type":"WebPage","@id":"https:\/\/uwaznadroga.pl\/index.php\/sesje-indywidualne\/","url":"https:\/\/uwaznadroga.pl\/index.php\/sesje-indywidualne\/","name":"Sesje indywidualne - UWA\u017bNA DROGA","isPartOf":{"@id":"https:\/\/uwaznadroga.pl\/#website"},"datePublished":"2022-09-26T18:23:02+00:00","dateModified":"2025-12-22T16:38:19+00:00","breadcrumb":{"@id":"https:\/\/uwaznadroga.pl\/index.php\/sesje-indywidualne\/#breadcrumb"},"inLanguage":"pl-PL","potentialAction":[{"@type":"ReadAction","target":["https:\/\/uwaznadroga.pl\/index.php\/sesje-indywidualne\/"]}]},{"@type":"BreadcrumbList","@id":"https:\/\/uwaznadroga.pl\/index.php\/sesje-indywidualne\/#breadcrumb","itemListElement":[{"@type":"ListItem","position":1,"name":"Home","item":"https:\/\/uwaznadroga.pl\/"},{"@type":"ListItem","position":2,"name":"Sesje indywidualne"}]},{"@type":"WebSite","@id":"https:\/\/uwaznadroga.pl\/#website","url":"https:\/\/uwaznadroga.pl\/","name":"UWA\u017bNA DROGA","description":"Redukcja stresa w oparciu o uwa\u017cno\u015b\u0107","publisher":{"@id":"https:\/\/uwaznadroga.pl\/#organization"},"potentialAction":[{"@type":"SearchAction","target":{"@type":"EntryPoint","urlTemplate":"https:\/\/uwaznadroga.pl\/?s={search_term_string}"},"query-input":{"@type":"PropertyValueSpecification","valueRequired":true,"valueName":"search_term_string"}}],"inLanguage":"pl-PL"},{"@type":"Organization","@id":"https:\/\/uwaznadroga.pl\/#organization","name":"UWA\u017bNA DROGA","url":"https:\/\/uwaznadroga.pl\/","logo":{"@type":"ImageObject","inLanguage":"pl-PL","@id":"https:\/\/uwaznadroga.pl\/#\/schema\/logo\/image\/","url":"https:\/\/uwaznadroga.pl\/wp-content\/uploads\/2022\/08\/logo-agency.png","contentUrl":"https:\/\/uwaznadroga.pl\/wp-content\/uploads\/2022\/08\/logo-agency.png","width":200,"height":200,"caption":"UWA\u017bNA DROGA"},"image":{"@id":"https:\/\/uwaznadroga.pl\/#\/schema\/logo\/image\/"}}]}},"_links":{"self":[{"href":"https:\/\/uwaznadroga.pl\/index.php\/wp-json\/wp\/v2\/pages\/260","targetHints":{"allow":["GET"]}}],"collection":[{"href":"https:\/\/uwaznadroga.pl\/index.php\/wp-json\/wp\/v2\/pages"}],"about":[{"href":"https:\/\/uwaznadroga.pl\/index.php\/wp-json\/wp\/v2\/types\/page"}],"author":[{"embeddable":true,"href":"https:\/\/uwaznadroga.pl\/index.php\/wp-json\/wp\/v2\/users\/1"}],"replies":[{"embeddable":true,"href":"https:\/\/uwaznadroga.pl\/index.php\/wp-json\/wp\/v2\/comments?post=260"}],"version-history":[{"count":5,"href":"https:\/\/uwaznadroga.pl\/index.php\/wp-json\/wp\/v2\/pages\/260\/revisions"}],"predecessor-version":[{"id":1313,"href":"https:\/\/uwaznadroga.pl\/index.php\/wp-json\/wp\/v2\/pages\/260\/revisions\/1313"}],"wp:attachment":[{"href":"https:\/\/uwaznadroga.pl\/index.php\/wp-json\/wp\/v2\/media?parent=260"}],"curies":[{"name":"wp","href":"https:\/\/api.w.org\/{rel}","templated":true}]}}